{"id":115,"date":"2021-12-06T17:54:33","date_gmt":"2021-12-06T16:54:33","guid":{"rendered":"https:\/\/helenagines.com\/?page_id=115"},"modified":"2025-04-19T15:48:13","modified_gmt":"2025-04-19T13:48:13","slug":"violi","status":"publish","type":"page","link":"https:\/\/helenagines.com\/index.php\/violi\/","title":{"rendered":"Viol\u00ed"},"content":{"rendered":"\n<p>Bach, J. S. Concerts diversos<\/p>\n\n\n\n<p>Barber, S. <em>Concert en sol major, op.<\/em> 14<\/p>\n\n\n\n<p>Bart\u00f3k, B. <em>Danses romaneses<\/em><\/p>\n\n\n\n<p>Beach, A. <em>Roman\u00e7a op. <\/em>23<\/p>\n\n\n\n<p>Beethoven, L. van <em>Roman\u00e7a n\u00fam. 1 en sol major, op.<\/em> 40<\/p>\n\n\n\n<p>Beethoven, L. van <em>Roman\u00e7a n\u00fam. 2 en fa major, op.<\/em> 50<\/p>\n\n\n\n<p>Beethoven, L. van <em>Rondo en sol major<\/em><\/p>\n\n\n\n<p>Beethoven, L. van <em>Sonata n\u00fam. 1 en re major, op.<\/em> 12 n\u00fam. 1<\/p>\n\n\n\n<p>Beethoven, L. van <em>Sonata n\u00fam. 4 en la menor, op.<\/em> 23<\/p>\n\n\n\n<p>Beethoven, L. van <em>Sonata n\u00fam. 5 en fa major, op.<\/em> 24<\/p>\n\n\n\n<p>Beethoven, L. van <em>Sonata n\u00fam. 7 en do menor, op.<\/em> 30 n\u00fam. 2<\/p>\n\n\n\n<p>Beethoven, L. van <em>Sonata n\u00fam. 8 en sol major, op.<\/em> 30 n\u00fam. 3<\/p>\n\n\n\n<p>B\u00e9riot, C. A. Obres diverses<\/p>\n\n\n\n<p>Bloch, E. <em>Nigun<\/em> (Baal Shem)<\/p>\n\n\n\n<p>Brahms, J. <em>Sonata n\u00fam. 1 en sol major, op.<\/em> 78<\/p>\n\n\n\n<p>Brahms, J. <em>Sonata n\u00fam. 2 en la major, op.<\/em> 100<\/p>\n\n\n\n<p>Bruch, M. <em>Concert n\u00fam. 1 en sol menor, op.<\/em> 26<\/p>\n\n\n\n<p>Chausson, E. <em>Po\u00e8me<\/em><\/p>\n\n\n\n<p>Dancla, C. <em>Airs Vari\u00e9s<\/em><\/p>\n\n\n\n<p>de Falla, M. <em>Dansa espanyola<\/em> (de \u00abLa vida breve\u00bb)<\/p>\n\n\n\n<p>de Falla, M. <em>Suite Popular espa\u00f1ola<\/em> (El pa\u00f1o moruno, Nana, Jota)<\/p>\n\n\n\n<p>Debussy, C. <em>Sonata<\/em><\/p>\n\n\n\n<p>Dvorak, A. <em>Sonatina en sol major, op.<\/em> 100<\/p>\n\n\n\n<p>Fibich, Z. <em>Sonatina en re menor, op.<\/em> 27<\/p>\n\n\n\n<p>Goldmark, C. <em>Concert en la menor, op.<\/em> 28<\/p>\n\n\n\n<p>Grieg, E. <em>Sonata en do menor, op.<\/em> 45<\/p>\n\n\n\n<p>H\u00e4ndel, G. F. Set Sonates<\/p>\n\n\n\n<p>Haydn, F. J. <em>Concert en do major<\/em>, Hob. VIIa:1<\/p>\n\n\n\n<p>Haydn, F. J. <em>Concert en sol major<\/em>, Hob. VIIa:4<\/p>\n\n\n\n<p>Huber, A. <em>Concert en fa major, op. <\/em>7<\/p>\n\n\n\n<p>Kabalewski, D. <em>Concert en do major, op.<\/em> 48<\/p>\n\n\n\n<p>Katchaturian, A. <em>Concert en re menor<\/em><\/p>\n\n\n\n<p>Komarowski, A. <em>Concert n\u00fam. 1 en mi menor<\/em><\/p>\n\n\n\n<p>Kreisler, F. Obres diverses<\/p>\n\n\n\n<p>Lalo, E. <em>Simfonia espanyola en re menor, op.<\/em> 21<\/p>\n\n\n\n<p>Leclair, J. M. <em>Sonata en re major<\/em><\/p>\n\n\n\n<p>Massi\u00e0, J. <em>Allegro Spiritoso<\/em><\/p>\n\n\n\n<p>Mendelssohn, F. <em>Concert en mi menor, op.<\/em> 64<\/p>\n\n\n\n<p>Mendelssohn, F. <em>Concert en re menor<\/em><\/p>\n\n\n\n<p>Montsalvatge, X. <em>Adagietto, R\u00e1faga de tango-Allegretto<\/em><\/p>\n\n\n\n<p>Montsalvatge, X. <em>Spanish Sketch<\/em><\/p>\n\n\n\n<p>Montsalvatge, X. <em>Variacions sobre un tema de Gyles Farnaby<\/em><\/p>\n\n\n\n<p>Mozart, W. A. <em>Concert n\u00fam. 1 en si b major<\/em>, KV 207<\/p>\n\n\n\n<p>Mozart, W. A. <em>Concert n\u00fam. 2 en re major<\/em>, KV 211<\/p>\n\n\n\n<p>Mozart, W. A. <em>Concert n\u00fam. 3 en sol major<\/em>, KV 216<\/p>\n\n\n\n<p>Mozart, W. A. <em>Concert n\u00fam. 4 <\/em><em>en re major<\/em>, KV 218<\/p>\n\n\n\n<p>Mozart, W. A. <em>Concert n\u00fam. 5 en la major<\/em>, KV 219<\/p>\n\n\n\n<p>Mozart, W. A. <em>Rondo en do major<\/em>, KV 373<\/p>\n\n\n\n<p>Mozart, W. A. <em>Sonata la major<\/em>, KV 305<\/p>\n\n\n\n<p>Mozart, W. A. <em>Sonata mi menor<\/em>, KV 304<\/p>\n\n\n\n<p>Mozart, W. A. <em>Sonata re major<\/em>, KV 306<\/p>\n\n\n\n<p>Mozart, W. A. <em>Sonata sol major<\/em>, KV 301<\/p>\n\n\n\n<p>Paganini, N. <em>Fantasia Mois\u00e8s sobre la corda sol, sobre un tema de Rossini<\/em><\/p>\n\n\n\n<p>Prokofiev, S. <em>Cinc melodies op<\/em>. 35A<\/p>\n\n\n\n<p>Rieding, O. Obres diversos<\/p>\n\n\n\n<p>Rode, P. <em>Concert d&#8217;estudi en mi menor, op. <\/em>8<\/p>\n\n\n\n<p>Saint-Sa\u00ebns, C. <em>Concert n\u00fam. 3 op.<\/em> 61<\/p>\n\n\n\n<p>Saint-Sa\u00ebns, C. <em>Havanera, op.<\/em> 83<\/p>\n\n\n\n<p>Saint-Sa\u00ebns, C. <em>Introducci\u00f3 i Rondo caprici\u00f3s, op. <\/em>28<\/p>\n\n\n\n<p>Sarasate, P. Obres diverses<\/p>\n\n\n\n<p>Schubert, F. <em>Sonata en la menor, op.<\/em> 137 n\u00fam. 2<\/p>\n\n\n\n<p>Schubert, F. <em>Sonata en re menor<\/em>, D 384, <em>op.<\/em> 137 n\u00fam. 1<\/p>\n\n\n\n<p>Schumann, C. <em>Romances, op. <\/em>22<\/p>\n\n\n\n<p>Schumann, R. <em>Sonata en la menor, op.<\/em> 105<\/p>\n\n\n\n<p>Sibelius, J. <em>Concert en re menor, op.<\/em> 47<\/p>\n\n\n\n<p>Spohr, L. <em>Concert en re menor, op.<\/em> 2<\/p>\n\n\n\n<p>Tartini, G. Sonates diverses<\/p>\n\n\n\n<p>Toldr\u00e0, E. <em>Sis<\/em><em> Sonets<\/em><\/p>\n\n\n\n<p>Turina J. <em>Sonata n\u00fam. 1 en re menor, op.<\/em> 51<\/p>\n\n\n\n<p>Txaikovski, P. I. <em>Concert en re major op.<\/em> 35<\/p>\n\n\n\n<p>Veracini, F. M. Obres diverses<\/p>\n\n\n\n<p>Vieuxtemps, H. <em>Concert n\u00fam. 4 en re menor, op.<\/em> 31<\/p>\n\n\n\n<p>Vieuxtemps, H. <em>Concert n\u00fam. 5 en la menor, op.<\/em> 37<\/p>\n\n\n\n<p>Viotti, J. B. Concerts diversos<\/p>\n\n\n\n<p>Vitali, T. <em>Chaconne en sol menor<\/em><\/p>\n\n\n\n<p>Vivaldi, A. Concerts diversos<\/p>\n\n\n\n<p>Vladiguerov, P. <em>Miniatures, op. <\/em>29 (IV-V)<\/p>\n\n\n\n<p>Waxman, F. <em>Fantasia Carmen<\/em><\/p>\n\n\n\n<p>Wieniawski, H <em>Concert n\u00fam. 2 en re menor, op.<\/em> 22<\/p>\n\n\n\n<p>Wieniawski, H <em>Llegenda en sol menor, op.<\/em> 17<\/p>\n\n\n\n<p>Wieniawski, H <em>Polonesa en la major, op.<\/em> 21<\/p>\n\n\n\n<p>Wieniawski, H <em>Polonesa op.<\/em> 4<\/p>\n\n\n\n<p>Wieniawski, H <em>Scherzo-Tarantelle, op.<\/em> 16<\/p>\n\n\n\n<p>Xostakovitx, D. <em>Concert n\u00fam. 1 en la menor, op.<\/em> 77<\/p>\n","protected":false},"excerpt":{"rendered":"<div class=\"slide-text-bg2\"><span>Bach, J. S. Concerts diversos Barber, S. Concert en sol major, op. 14 Bart\u00f3k, B. Danses romaneses Beach, A. Roman\u00e7a op. 23 Beethoven, L. van Roman\u00e7a n\u00fa<\/span><\/div>\n<div class=\"slide-btn-area-sm\"><a href=\"https:\/\/helenagines.com\/index.php\/violi\/\" class=\"slide-btn-sm\">Llegiu m\u00e9s<\/a><\/div>\n","protected":false},"author":1,"featured_media":0,"parent":0,"menu_order":0,"comment_status":"closed","ping_status":"closed","template":"","meta":{"footnotes":""},"class_list":["post-115","page","type-page","status-publish","hentry"],"yoast_head":"<!-- This site is optimized with the Yoast SEO plugin v24.3 - https:\/\/yoast.com\/wordpress\/plugins\/seo\/ -->\n<title>Viol\u00ed - Helena Gin\u00e8s i Bataller<\/title>\n<meta name=\"robots\" content=\"index, follow, max-snippet:-1, max-image-preview:large, max-video-preview:-1\" \/>\n<link rel=\"canonical\" href=\"https:\/\/helenagines.com\/index.php\/violi\/\" \/>\n<meta property=\"og:locale\" content=\"ca_ES\" \/>\n<meta property=\"og:type\" content=\"article\" \/>\n<meta property=\"og:title\" content=\"Viol\u00ed - Helena Gin\u00e8s i Bataller\" \/>\n<meta property=\"og:description\" content=\"Bach, J. S. Concerts diversos Barber, S. Concert en sol major, op. 14 Bart\u00f3k, B. Danses romaneses Beach, A. Roman\u00e7a op. 23 Beethoven, L. van Roman\u00e7a n\u00faLlegiu m\u00e9s\" \/>\n<meta property=\"og:url\" content=\"https:\/\/helenagines.com\/index.php\/violi\/\" \/>\n<meta property=\"og:site_name\" content=\"Helena Gin\u00e8s i Bataller\" \/>\n<meta property=\"article:modified_time\" content=\"2025-04-19T13:48:13+00:00\" \/>\n<meta name=\"twitter:card\" content=\"summary_large_image\" \/>\n<meta name=\"twitter:label1\" content=\"Temps estimat de lectura\" \/>\n\t<meta name=\"twitter:data1\" content=\"4 minuts\" \/>\n<script type=\"application\/ld+json\" class=\"yoast-schema-graph\">{\"@context\":\"https:\/\/schema.org\",\"@graph\":[{\"@type\":\"WebPage\",\"@id\":\"https:\/\/helenagines.com\/index.php\/violi\/\",\"url\":\"https:\/\/helenagines.com\/index.php\/violi\/\",\"name\":\"Viol\u00ed - Helena Gin\u00e8s i Bataller\",\"isPartOf\":{\"@id\":\"https:\/\/helenagines.com\/#website\"},\"datePublished\":\"2021-12-06T16:54:33+00:00\",\"dateModified\":\"2025-04-19T13:48:13+00:00\",\"breadcrumb\":{\"@id\":\"https:\/\/helenagines.com\/index.php\/violi\/#breadcrumb\"},\"inLanguage\":\"ca\",\"potentialAction\":[{\"@type\":\"ReadAction\",\"target\":[\"https:\/\/helenagines.com\/index.php\/violi\/\"]}]},{\"@type\":\"BreadcrumbList\",\"@id\":\"https:\/\/helenagines.com\/index.php\/violi\/#breadcrumb\",\"itemListElement\":[{\"@type\":\"ListItem\",\"position\":1,\"name\":\"Inici\",\"item\":\"https:\/\/helenagines.com\/\"},{\"@type\":\"ListItem\",\"position\":2,\"name\":\"Viol\u00ed\"}]},{\"@type\":\"WebSite\",\"@id\":\"https:\/\/helenagines.com\/#website\",\"url\":\"https:\/\/helenagines.com\/\",\"name\":\"Helena Gin\u00e8s i Bataller\",\"description\":\"Pianista repertorista\",\"potentialAction\":[{\"@type\":\"SearchAction\",\"target\":{\"@type\":\"EntryPoint\",\"urlTemplate\":\"https:\/\/helenagines.com\/?s={search_term_string}\"},\"query-input\":{\"@type\":\"PropertyValueSpecification\",\"valueRequired\":true,\"valueName\":\"search_term_string\"}}],\"inLanguage\":\"ca\"}]}<\/script>\n<!-- \/ Yoast SEO plugin. -->","yoast_head_json":{"title":"Viol\u00ed - Helena Gin\u00e8s i Bataller","robots":{"index":"index","follow":"follow","max-snippet":"max-snippet:-1","max-image-preview":"max-image-preview:large","max-video-preview":"max-video-preview:-1"},"canonical":"https:\/\/helenagines.com\/index.php\/violi\/","og_locale":"ca_ES","og_type":"article","og_title":"Viol\u00ed - Helena Gin\u00e8s i Bataller","og_description":"Bach, J. S. Concerts diversos Barber, S. Concert en sol major, op. 14 Bart\u00f3k, B. Danses romaneses Beach, A. Roman\u00e7a op. 23 Beethoven, L. van Roman\u00e7a n\u00faLlegiu m\u00e9s","og_url":"https:\/\/helenagines.com\/index.php\/violi\/","og_site_name":"Helena Gin\u00e8s i Bataller","article_modified_time":"2025-04-19T13:48:13+00:00","twitter_card":"summary_large_image","twitter_misc":{"Temps estimat de lectura":"4 minuts"},"schema":{"@context":"https:\/\/schema.org","@graph":[{"@type":"WebPage","@id":"https:\/\/helenagines.com\/index.php\/violi\/","url":"https:\/\/helenagines.com\/index.php\/violi\/","name":"Viol\u00ed - Helena Gin\u00e8s i Bataller","isPartOf":{"@id":"https:\/\/helenagines.com\/#website"},"datePublished":"2021-12-06T16:54:33+00:00","dateModified":"2025-04-19T13:48:13+00:00","breadcrumb":{"@id":"https:\/\/helenagines.com\/index.php\/violi\/#breadcrumb"},"inLanguage":"ca","potentialAction":[{"@type":"ReadAction","target":["https:\/\/helenagines.com\/index.php\/violi\/"]}]},{"@type":"BreadcrumbList","@id":"https:\/\/helenagines.com\/index.php\/violi\/#breadcrumb","itemListElement":[{"@type":"ListItem","position":1,"name":"Inici","item":"https:\/\/helenagines.com\/"},{"@type":"ListItem","position":2,"name":"Viol\u00ed"}]},{"@type":"WebSite","@id":"https:\/\/helenagines.com\/#website","url":"https:\/\/helenagines.com\/","name":"Helena Gin\u00e8s i Bataller","description":"Pianista repertorista","potentialAction":[{"@type":"SearchAction","target":{"@type":"EntryPoint","urlTemplate":"https:\/\/helenagines.com\/?s={search_term_string}"},"query-input":{"@type":"PropertyValueSpecification","valueRequired":true,"valueName":"search_term_string"}}],"inLanguage":"ca"}]}},"_links":{"self":[{"href":"https:\/\/helenagines.com\/index.php\/wp-json\/wp\/v2\/pages\/115","targetHints":{"allow":["GET"]}}],"collection":[{"href":"https:\/\/helenagines.com\/index.php\/wp-json\/wp\/v2\/pages"}],"about":[{"href":"https:\/\/helenagines.com\/index.php\/wp-json\/wp\/v2\/types\/page"}],"author":[{"embeddable":true,"href":"https:\/\/helenagines.com\/index.php\/wp-json\/wp\/v2\/users\/1"}],"replies":[{"embeddable":true,"href":"https:\/\/helenagines.com\/index.php\/wp-json\/wp\/v2\/comments?post=115"}],"version-history":[{"count":5,"href":"https:\/\/helenagines.com\/index.php\/wp-json\/wp\/v2\/pages\/115\/revisions"}],"predecessor-version":[{"id":451,"href":"https:\/\/helenagines.com\/index.php\/wp-json\/wp\/v2\/pages\/115\/revisions\/451"}],"wp:attachment":[{"href":"https:\/\/helenagines.com\/index.php\/wp-json\/wp\/v2\/media?parent=115"}],"curies":[{"name":"wp","href":"https:\/\/api.w.org\/{rel}","templated":true}]}}