{"id":125,"date":"2021-12-06T17:54:33","date_gmt":"2021-12-06T16:54:33","guid":{"rendered":"https:\/\/helenagines.com\/?page_id=125"},"modified":"2021-12-08T00:03:29","modified_gmt":"2021-12-07T23:03:29","slug":"trompeta","status":"publish","type":"page","link":"https:\/\/helenagines.com\/index.php\/trompeta\/","title":{"rendered":"Trompeta"},"content":{"rendered":"\n<p>Arban, J. B. <em>Fantasia, Tema i Variacions sobre el Carnaval de Ven\u00e8cia<\/em><\/p>\n\n\n\n<p>Arutunian, A. <em>Concert<\/em><\/p>\n\n\n\n<p>Balay, G. <em>Andante i Allegretto<\/em><\/p>\n\n\n\n<p>Baudrier, E. <em>Suite<\/em><\/p>\n\n\n\n<p>Bernstein, L. <em>Rondo for Lifey<\/em><\/p>\n\n\n\n<p>Boliart, X. <em>Tres Divertiments<\/em><\/p>\n\n\n\n<p>Bolling, C. <em>Toot Suite<\/em> (tres moviments)<\/p>\n\n\n\n<p>Bond, C. <em>Concert en si b major<\/em><\/p>\n\n\n\n<p>Bozza, E. <em>Rustiques<\/em><\/p>\n\n\n\n<p>Brant, W. <em>Dues Peces de concert op.<\/em> 12<\/p>\n\n\n\n<p>Brotons Soler, S. <em>Hojas de oto\u00f1o<\/em><\/p>\n\n\n\n<p>Brotons, S. <em>Divertimento op. <\/em>18 n\u00fam. 1<\/p>\n\n\n\n<p>Chailleux, A. <em>Morceau de concours<\/em><\/p>\n\n\n\n<p>Charlier, T. <em>Solo de concours<\/em><\/p>\n\n\n\n<p>Cl\u00e9risse, R. <em>Th\u00e8me Vari\u00e9<\/em><\/p>\n\n\n\n<p>Debussy, C. <em>Reverie<\/em><\/p>\n\n\n\n<p>Depelsenaire, J. M. <em>Concertino en mi b major<\/em><\/p>\n\n\n\n<p>Endresen, R. M. <em>The executant<\/em><\/p>\n\n\n\n<p>Enesco, G. <em>Legend<\/em><\/p>\n\n\n\n<p>Ewazen, E. <em>A song from the heart<\/em><\/p>\n\n\n\n<p>Fleta Polo, F. <em>Impromptu n\u00fam. 4<\/em><\/p>\n\n\n\n<p>Gabaye, P. <em>Boutade<\/em><\/p>\n\n\n\n<p>Goedicke, A. <em>Concert-estudi<\/em><\/p>\n\n\n\n<p>Grimal, R. <em>Capricho<\/em><\/p>\n\n\n\n<p>Haydn, F. J. <em>Concert en mi b major<\/em>, Hob. VIIe:1<\/p>\n\n\n\n<p>Hindemith, P. <em>Sonata<\/em><\/p>\n\n\n\n<p>H\u00f6hne <em>Fantasia eslava<\/em><\/p>\n\n\n\n<p>Horn, C. <em>Fantasia eslava<\/em><\/p>\n\n\n\n<p>Hubeau, J. <em>Sonata<\/em><\/p>\n\n\n\n<p>Hummel, B. <em>Sonatine<\/em><\/p>\n\n\n\n<p>Hummel, J. N. <em>Concert<\/em><\/p>\n\n\n\n<p>Ibert, J. <em>Aria<\/em><\/p>\n\n\n\n<p>Ibert, J. <em>Impromtu<\/em> (estudiat)<\/p>\n\n\n\n<p>Keller, G. <em>Sonata n\u00fam. 2 en si b major<\/em><\/p>\n\n\n\n<p>Martinu, B. <em>Sonatine<\/em><\/p>\n\n\n\n<p>Neruda, J. B. G. <em>Concert en mi b major<\/em><\/p>\n\n\n\n<p>Porret, J. <em>28\u00e8 Solo de concurs<\/em><\/p>\n\n\n\n<p>Purcell, H. <em>Intrada et Rigoudon<\/em><\/p>\n\n\n\n<p>Rachmaninov, S. <em>Vocalise<\/em><\/p>\n\n\n\n<p>Ravel, M. <em>Pe\u00e7a en forma d&#8217;havanera<\/em><\/p>\n\n\n\n<p>VanderCook, H. A. <em>Bonita<\/em><\/p>\n\n\n\n<p>VanderCook, H. A. <em>Debonnaire<\/em><\/p>\n\n\n\n<p>VanderCook, H. A. <em>Puncinello<\/em><\/p>\n","protected":false},"excerpt":{"rendered":"<div class=\"slide-text-bg2\"><span>Arban, J. B. Fantasia, Tema i Variacions sobre el Carnaval de Ven\u00e8cia Arutunian, A. Concert Balay, G. Andante i Allegretto Baudrier, E. Suite Bernstein, L<\/span><\/div>\n<div class=\"slide-btn-area-sm\"><a href=\"https:\/\/helenagines.com\/index.php\/trompeta\/\" class=\"slide-btn-sm\">Llegiu m\u00e9s<\/a><\/div>\n","protected":false},"author":1,"featured_media":0,"parent":0,"menu_order":0,"comment_status":"closed","ping_status":"closed","template":"","meta":{"footnotes":""},"class_list":["post-125","page","type-page","status-publish","hentry"],"yoast_head":"<!-- This site is optimized with the Yoast SEO plugin v24.3 - https:\/\/yoast.com\/wordpress\/plugins\/seo\/ -->\n<title>Trompeta - Helena Gin\u00e8s i Bataller<\/title>\n<meta name=\"robots\" content=\"index, follow, max-snippet:-1, max-image-preview:large, max-video-preview:-1\" \/>\n<link rel=\"canonical\" href=\"https:\/\/helenagines.com\/index.php\/trompeta\/\" \/>\n<meta property=\"og:locale\" content=\"ca_ES\" \/>\n<meta property=\"og:type\" content=\"article\" \/>\n<meta property=\"og:title\" content=\"Trompeta - Helena Gin\u00e8s i Bataller\" \/>\n<meta property=\"og:description\" content=\"Arban, J. B. Fantasia, Tema i Variacions sobre el Carnaval de Ven\u00e8cia Arutunian, A. Concert Balay, G. Andante i Allegretto Baudrier, E. Suite Bernstein, LLlegiu m\u00e9s\" \/>\n<meta property=\"og:url\" content=\"https:\/\/helenagines.com\/index.php\/trompeta\/\" \/>\n<meta property=\"og:site_name\" content=\"Helena Gin\u00e8s i Bataller\" \/>\n<meta property=\"article:modified_time\" content=\"2021-12-07T23:03:29+00:00\" \/>\n<meta name=\"twitter:card\" content=\"summary_large_image\" \/>\n<meta name=\"twitter:label1\" content=\"Temps estimat de lectura\" \/>\n\t<meta name=\"twitter:data1\" content=\"1 minut\" \/>\n<script type=\"application\/ld+json\" class=\"yoast-schema-graph\">{\"@context\":\"https:\/\/schema.org\",\"@graph\":[{\"@type\":\"WebPage\",\"@id\":\"https:\/\/helenagines.com\/index.php\/trompeta\/\",\"url\":\"https:\/\/helenagines.com\/index.php\/trompeta\/\",\"name\":\"Trompeta - Helena Gin\u00e8s i Bataller\",\"isPartOf\":{\"@id\":\"https:\/\/helenagines.com\/#website\"},\"datePublished\":\"2021-12-06T16:54:33+00:00\",\"dateModified\":\"2021-12-07T23:03:29+00:00\",\"breadcrumb\":{\"@id\":\"https:\/\/helenagines.com\/index.php\/trompeta\/#breadcrumb\"},\"inLanguage\":\"ca\",\"potentialAction\":[{\"@type\":\"ReadAction\",\"target\":[\"https:\/\/helenagines.com\/index.php\/trompeta\/\"]}]},{\"@type\":\"BreadcrumbList\",\"@id\":\"https:\/\/helenagines.com\/index.php\/trompeta\/#breadcrumb\",\"itemListElement\":[{\"@type\":\"ListItem\",\"position\":1,\"name\":\"Inici\",\"item\":\"https:\/\/helenagines.com\/\"},{\"@type\":\"ListItem\",\"position\":2,\"name\":\"Trompeta\"}]},{\"@type\":\"WebSite\",\"@id\":\"https:\/\/helenagines.com\/#website\",\"url\":\"https:\/\/helenagines.com\/\",\"name\":\"Helena Gin\u00e8s i Bataller\",\"description\":\"Pianista repertorista\",\"potentialAction\":[{\"@type\":\"SearchAction\",\"target\":{\"@type\":\"EntryPoint\",\"urlTemplate\":\"https:\/\/helenagines.com\/?s={search_term_string}\"},\"query-input\":{\"@type\":\"PropertyValueSpecification\",\"valueRequired\":true,\"valueName\":\"search_term_string\"}}],\"inLanguage\":\"ca\"}]}<\/script>\n<!-- \/ Yoast SEO plugin. -->","yoast_head_json":{"title":"Trompeta - Helena Gin\u00e8s i Bataller","robots":{"index":"index","follow":"follow","max-snippet":"max-snippet:-1","max-image-preview":"max-image-preview:large","max-video-preview":"max-video-preview:-1"},"canonical":"https:\/\/helenagines.com\/index.php\/trompeta\/","og_locale":"ca_ES","og_type":"article","og_title":"Trompeta - Helena Gin\u00e8s i Bataller","og_description":"Arban, J. B. Fantasia, Tema i Variacions sobre el Carnaval de Ven\u00e8cia Arutunian, A. Concert Balay, G. Andante i Allegretto Baudrier, E. Suite Bernstein, LLlegiu m\u00e9s","og_url":"https:\/\/helenagines.com\/index.php\/trompeta\/","og_site_name":"Helena Gin\u00e8s i Bataller","article_modified_time":"2021-12-07T23:03:29+00:00","twitter_card":"summary_large_image","twitter_misc":{"Temps estimat de lectura":"1 minut"},"schema":{"@context":"https:\/\/schema.org","@graph":[{"@type":"WebPage","@id":"https:\/\/helenagines.com\/index.php\/trompeta\/","url":"https:\/\/helenagines.com\/index.php\/trompeta\/","name":"Trompeta - Helena Gin\u00e8s i Bataller","isPartOf":{"@id":"https:\/\/helenagines.com\/#website"},"datePublished":"2021-12-06T16:54:33+00:00","dateModified":"2021-12-07T23:03:29+00:00","breadcrumb":{"@id":"https:\/\/helenagines.com\/index.php\/trompeta\/#breadcrumb"},"inLanguage":"ca","potentialAction":[{"@type":"ReadAction","target":["https:\/\/helenagines.com\/index.php\/trompeta\/"]}]},{"@type":"BreadcrumbList","@id":"https:\/\/helenagines.com\/index.php\/trompeta\/#breadcrumb","itemListElement":[{"@type":"ListItem","position":1,"name":"Inici","item":"https:\/\/helenagines.com\/"},{"@type":"ListItem","position":2,"name":"Trompeta"}]},{"@type":"WebSite","@id":"https:\/\/helenagines.com\/#website","url":"https:\/\/helenagines.com\/","name":"Helena Gin\u00e8s i Bataller","description":"Pianista repertorista","potentialAction":[{"@type":"SearchAction","target":{"@type":"EntryPoint","urlTemplate":"https:\/\/helenagines.com\/?s={search_term_string}"},"query-input":{"@type":"PropertyValueSpecification","valueRequired":true,"valueName":"search_term_string"}}],"inLanguage":"ca"}]}},"_links":{"self":[{"href":"https:\/\/helenagines.com\/index.php\/wp-json\/wp\/v2\/pages\/125","targetHints":{"allow":["GET"]}}],"collection":[{"href":"https:\/\/helenagines.com\/index.php\/wp-json\/wp\/v2\/pages"}],"about":[{"href":"https:\/\/helenagines.com\/index.php\/wp-json\/wp\/v2\/types\/page"}],"author":[{"embeddable":true,"href":"https:\/\/helenagines.com\/index.php\/wp-json\/wp\/v2\/users\/1"}],"replies":[{"embeddable":true,"href":"https:\/\/helenagines.com\/index.php\/wp-json\/wp\/v2\/comments?post=125"}],"version-history":[{"count":2,"href":"https:\/\/helenagines.com\/index.php\/wp-json\/wp\/v2\/pages\/125\/revisions"}],"predecessor-version":[{"id":247,"href":"https:\/\/helenagines.com\/index.php\/wp-json\/wp\/v2\/pages\/125\/revisions\/247"}],"wp:attachment":[{"href":"https:\/\/helenagines.com\/index.php\/wp-json\/wp\/v2\/media?parent=125"}],"curies":[{"name":"wp","href":"https:\/\/api.w.org\/{rel}","templated":true}]}}