{"id":126,"date":"2021-12-06T17:54:33","date_gmt":"2021-12-06T16:54:33","guid":{"rendered":"https:\/\/helenagines.com\/?page_id=126"},"modified":"2025-04-19T16:03:40","modified_gmt":"2025-04-19T14:03:40","slug":"trompa","status":"publish","type":"page","link":"https:\/\/helenagines.com\/index.php\/trompa\/","title":{"rendered":"Trompa"},"content":{"rendered":"\n<p>Abbott, A. <em>Alla caccia<\/em><\/p>\n\n\n\n<p>Beethoven, L. van <em>Sonata en fa major, op.<\/em> 17<\/p>\n\n\n\n<p>Bozza, E. <em>En Irlande<\/em><\/p>\n\n\n\n<p>Cherubini, L. <em>Sonata en fa major<\/em><\/p>\n\n\n\n<p>Corrette, M. <em>Concert en do major<\/em><\/p>\n\n\n\n<p>Dukas, P. <em>Villanelle<\/em><\/p>\n\n\n\n<p>F\u00f6rster, C. <em>Concert en mi b major<\/em><\/p>\n\n\n\n<p>Ghidoni, A. <em>Po\u00e9sie et ga\u00eet\u00e9<\/em><\/p>\n\n\n\n<p>Glazunov, A. <em>Reverie op.<\/em> 24<\/p>\n\n\n\n<p>Gli\u00e8re, R. <em>Concert en si b major, op.<\/em> 91<\/p>\n\n\n\n<p>Gli\u00e8re, R. <em>Intermezzo op.<\/em> 35 n\u00fam. 10<\/p>\n\n\n\n<p>Gli\u00e8re, R. <em>Nocturn op. <\/em>31 n\u00fam. 10<\/p>\n\n\n\n<p>Gounod, Ch. <em>Sis peces mel\u00f2diques originals<\/em> (I-VI)<\/p>\n\n\n\n<p>Haydn, F. J. <em>Concert n\u00fam. 1 en re major<\/em><\/p>\n\n\n\n<p>Haydn, F. J. <em>Concert n\u00fam. 2 en re major<\/em><\/p>\n\n\n\n<p>Krug-Waldsee, J. <em>Roman\u00e7a en fa major, op.<\/em> 7<\/p>\n\n\n\n<p>Mozart, L. <em>Concert en si b major<\/em><\/p>\n\n\n\n<p>Mozart, W. A. <em>Concert n\u00fam. 1 en re major<\/em>, KV 412<\/p>\n\n\n\n<p>Mozart, W. A. <em>Concert n\u00fam. 2 en mi b major<\/em>, KV 417<\/p>\n\n\n\n<p>Mozart, W. A. <em>Concert n\u00fam. 3 en mi b major<\/em>, KV 447<\/p>\n\n\n\n<p>Mozart, W. A. <em>Concert n\u00fam. 4 <\/em><em>en mi b major<\/em>, KV 495<\/p>\n\n\n\n<p>Mozart, W. A. <em>Concert-Rond\u00f3 en mi b major<\/em>, KV 371<\/p>\n\n\n\n<p>M\u00fcller, B. Ed. <em>Am Abend op.<\/em> 71<\/p>\n\n\n\n<p>Neuling, H. <em>Bagatelle<\/em><\/p>\n\n\n\n<p>Poulenc, F. <em>Elegia<\/em> (estudiat)<\/p>\n\n\n\n<p>Saint-Sa\u00ebns, C. <em>Roman\u00e7a en fa major, op.<\/em> 36<\/p>\n\n\n\n<p>Saint-Sa\u00ebns, C. <em>Morceau de concert, op.<\/em> 94<\/p>\n\n\n\n<p>Schumann, R. <em>Adagio i Allegro, op.<\/em> 70<\/p>\n\n\n\n<p>Sinigaglia, L. <em>Lied en fa major, op.<\/em> 28 n\u00fam. 1<\/p>\n\n\n\n<p>Skroup, J. D. <em>Concert en si b major<\/em><\/p>\n\n\n\n<p>Stradella, A. <em>Aria<\/em><\/p>\n\n\n\n<p>Strauss, F. <em>Concert en do menor, op.<\/em> 8<\/p>\n\n\n\n<p>Strauss, F. <em>Introducci\u00f3, tema i variacions, op.<\/em> 13<\/p>\n\n\n\n<p>Strauss, F. <em>Nocturn op.<\/em> 7<\/p>\n\n\n\n<p>Strauss, F. <em>Roman<\/em><em>\u00e7<\/em><em>a<\/em> \u00abLes Adieux\u00bb<\/p>\n\n\n\n<p>Strauss, R. <em>Andante op.<\/em> Posth<\/p>\n\n\n\n<p>Strauss, R. <em>Concert n\u00fam. 1 en mi b major, op.<\/em> 11<\/p>\n\n\n\n<p>Telemann, G. Ph. <em>Sonata en si b menor<\/em><\/p>\n\n\n\n<p>Vignery, J. <em>Sonata op.<\/em> 7 (primer moviment)<\/p>\n\n\n\n<p>Weber, C. M. <em>Aria del ca\u00e7ador furtiu<\/em><\/p>\n","protected":false},"excerpt":{"rendered":"<div class=\"slide-text-bg2\"><span>Abbott, A. Alla caccia Beethoven, L. van Sonata en fa major, op. 17 Bozza, E. En Irlande Cherubini, L. Sonata en fa major Corrette, M. Concert en do major <\/span><\/div>\n<div class=\"slide-btn-area-sm\"><a href=\"https:\/\/helenagines.com\/index.php\/trompa\/\" class=\"slide-btn-sm\">Llegiu m\u00e9s<\/a><\/div>\n","protected":false},"author":1,"featured_media":0,"parent":0,"menu_order":0,"comment_status":"closed","ping_status":"closed","template":"","meta":{"footnotes":""},"class_list":["post-126","page","type-page","status-publish","hentry"],"yoast_head":"<!-- This site is optimized with the Yoast SEO plugin v24.3 - https:\/\/yoast.com\/wordpress\/plugins\/seo\/ -->\n<title>Trompa - Helena Gin\u00e8s i Bataller<\/title>\n<meta name=\"robots\" content=\"index, follow, max-snippet:-1, max-image-preview:large, max-video-preview:-1\" \/>\n<link rel=\"canonical\" href=\"https:\/\/helenagines.com\/index.php\/trompa\/\" \/>\n<meta property=\"og:locale\" content=\"ca_ES\" \/>\n<meta property=\"og:type\" content=\"article\" \/>\n<meta property=\"og:title\" content=\"Trompa - Helena Gin\u00e8s i Bataller\" \/>\n<meta property=\"og:description\" content=\"Abbott, A. Alla caccia Beethoven, L. van Sonata en fa major, op. 17 Bozza, E. En Irlande Cherubini, L. Sonata en fa major Corrette, M. Concert en do major Llegiu m\u00e9s\" \/>\n<meta property=\"og:url\" content=\"https:\/\/helenagines.com\/index.php\/trompa\/\" \/>\n<meta property=\"og:site_name\" content=\"Helena Gin\u00e8s i Bataller\" \/>\n<meta property=\"article:modified_time\" content=\"2025-04-19T14:03:40+00:00\" \/>\n<meta name=\"twitter:card\" content=\"summary_large_image\" \/>\n<meta name=\"twitter:label1\" content=\"Temps estimat de lectura\" \/>\n\t<meta name=\"twitter:data1\" content=\"2 minuts\" \/>\n<script type=\"application\/ld+json\" class=\"yoast-schema-graph\">{\"@context\":\"https:\/\/schema.org\",\"@graph\":[{\"@type\":\"WebPage\",\"@id\":\"https:\/\/helenagines.com\/index.php\/trompa\/\",\"url\":\"https:\/\/helenagines.com\/index.php\/trompa\/\",\"name\":\"Trompa - Helena Gin\u00e8s i Bataller\",\"isPartOf\":{\"@id\":\"https:\/\/helenagines.com\/#website\"},\"datePublished\":\"2021-12-06T16:54:33+00:00\",\"dateModified\":\"2025-04-19T14:03:40+00:00\",\"breadcrumb\":{\"@id\":\"https:\/\/helenagines.com\/index.php\/trompa\/#breadcrumb\"},\"inLanguage\":\"ca\",\"potentialAction\":[{\"@type\":\"ReadAction\",\"target\":[\"https:\/\/helenagines.com\/index.php\/trompa\/\"]}]},{\"@type\":\"BreadcrumbList\",\"@id\":\"https:\/\/helenagines.com\/index.php\/trompa\/#breadcrumb\",\"itemListElement\":[{\"@type\":\"ListItem\",\"position\":1,\"name\":\"Inici\",\"item\":\"https:\/\/helenagines.com\/\"},{\"@type\":\"ListItem\",\"position\":2,\"name\":\"Trompa\"}]},{\"@type\":\"WebSite\",\"@id\":\"https:\/\/helenagines.com\/#website\",\"url\":\"https:\/\/helenagines.com\/\",\"name\":\"Helena Gin\u00e8s i Bataller\",\"description\":\"Pianista repertorista\",\"potentialAction\":[{\"@type\":\"SearchAction\",\"target\":{\"@type\":\"EntryPoint\",\"urlTemplate\":\"https:\/\/helenagines.com\/?s={search_term_string}\"},\"query-input\":{\"@type\":\"PropertyValueSpecification\",\"valueRequired\":true,\"valueName\":\"search_term_string\"}}],\"inLanguage\":\"ca\"}]}<\/script>\n<!-- \/ Yoast SEO plugin. -->","yoast_head_json":{"title":"Trompa - Helena Gin\u00e8s i Bataller","robots":{"index":"index","follow":"follow","max-snippet":"max-snippet:-1","max-image-preview":"max-image-preview:large","max-video-preview":"max-video-preview:-1"},"canonical":"https:\/\/helenagines.com\/index.php\/trompa\/","og_locale":"ca_ES","og_type":"article","og_title":"Trompa - Helena Gin\u00e8s i Bataller","og_description":"Abbott, A. Alla caccia Beethoven, L. van Sonata en fa major, op. 17 Bozza, E. En Irlande Cherubini, L. Sonata en fa major Corrette, M. Concert en do major Llegiu m\u00e9s","og_url":"https:\/\/helenagines.com\/index.php\/trompa\/","og_site_name":"Helena Gin\u00e8s i Bataller","article_modified_time":"2025-04-19T14:03:40+00:00","twitter_card":"summary_large_image","twitter_misc":{"Temps estimat de lectura":"2 minuts"},"schema":{"@context":"https:\/\/schema.org","@graph":[{"@type":"WebPage","@id":"https:\/\/helenagines.com\/index.php\/trompa\/","url":"https:\/\/helenagines.com\/index.php\/trompa\/","name":"Trompa - Helena Gin\u00e8s i Bataller","isPartOf":{"@id":"https:\/\/helenagines.com\/#website"},"datePublished":"2021-12-06T16:54:33+00:00","dateModified":"2025-04-19T14:03:40+00:00","breadcrumb":{"@id":"https:\/\/helenagines.com\/index.php\/trompa\/#breadcrumb"},"inLanguage":"ca","potentialAction":[{"@type":"ReadAction","target":["https:\/\/helenagines.com\/index.php\/trompa\/"]}]},{"@type":"BreadcrumbList","@id":"https:\/\/helenagines.com\/index.php\/trompa\/#breadcrumb","itemListElement":[{"@type":"ListItem","position":1,"name":"Inici","item":"https:\/\/helenagines.com\/"},{"@type":"ListItem","position":2,"name":"Trompa"}]},{"@type":"WebSite","@id":"https:\/\/helenagines.com\/#website","url":"https:\/\/helenagines.com\/","name":"Helena Gin\u00e8s i Bataller","description":"Pianista repertorista","potentialAction":[{"@type":"SearchAction","target":{"@type":"EntryPoint","urlTemplate":"https:\/\/helenagines.com\/?s={search_term_string}"},"query-input":{"@type":"PropertyValueSpecification","valueRequired":true,"valueName":"search_term_string"}}],"inLanguage":"ca"}]}},"_links":{"self":[{"href":"https:\/\/helenagines.com\/index.php\/wp-json\/wp\/v2\/pages\/126","targetHints":{"allow":["GET"]}}],"collection":[{"href":"https:\/\/helenagines.com\/index.php\/wp-json\/wp\/v2\/pages"}],"about":[{"href":"https:\/\/helenagines.com\/index.php\/wp-json\/wp\/v2\/types\/page"}],"author":[{"embeddable":true,"href":"https:\/\/helenagines.com\/index.php\/wp-json\/wp\/v2\/users\/1"}],"replies":[{"embeddable":true,"href":"https:\/\/helenagines.com\/index.php\/wp-json\/wp\/v2\/comments?post=126"}],"version-history":[{"count":4,"href":"https:\/\/helenagines.com\/index.php\/wp-json\/wp\/v2\/pages\/126\/revisions"}],"predecessor-version":[{"id":461,"href":"https:\/\/helenagines.com\/index.php\/wp-json\/wp\/v2\/pages\/126\/revisions\/461"}],"wp:attachment":[{"href":"https:\/\/helenagines.com\/index.php\/wp-json\/wp\/v2\/media?parent=126"}],"curies":[{"name":"wp","href":"https:\/\/api.w.org\/{rel}","templated":true}]}}