{"id":21,"date":"2021-12-06T15:18:23","date_gmt":"2021-12-06T14:18:23","guid":{"rendered":"https:\/\/helenagines.com\/?page_id=21"},"modified":"2025-02-06T16:01:03","modified_gmt":"2025-02-06T15:01:03","slug":"pianista-acompanyant-repertorista-barcelona","status":"publish","type":"page","link":"https:\/\/helenagines.com\/","title":{"rendered":"Inici"},"content":{"rendered":"\n<div class=\"wp-block-columns alignwide are-vertically-aligned-center is-style-twentytwentyone-columns-overlap is-layout-flex wp-container-core-columns-is-layout-9d6595d7 wp-block-columns-is-layout-flex\">\n<div class=\"wp-block-column is-layout-flow wp-block-column-is-layout-flow\">\n<p><\/p>\n\n\n\n<figure class=\"wp-block-image size-large\"><img loading=\"lazy\" decoding=\"async\" width=\"1024\" height=\"768\" src=\"https:\/\/helenagines.com\/wp-content\/uploads\/2021\/12\/2017_06-1024x768.jpg\" alt=\"\" class=\"wp-image-104\" srcset=\"https:\/\/helenagines.com\/wp-content\/uploads\/2021\/12\/2017_06-1024x768.jpg 1024w, https:\/\/helenagines.com\/wp-content\/uploads\/2021\/12\/2017_06-300x225.jpg 300w, https:\/\/helenagines.com\/wp-content\/uploads\/2021\/12\/2017_06-768x576.jpg 768w, https:\/\/helenagines.com\/wp-content\/uploads\/2021\/12\/2017_06-1536x1152.jpg 1536w, https:\/\/helenagines.com\/wp-content\/uploads\/2021\/12\/2017_06-1568x1176.jpg 1568w, https:\/\/helenagines.com\/wp-content\/uploads\/2021\/12\/2017_06.jpg 1920w\" sizes=\"auto, (max-width: 1024px) 100vw, 1024px\" \/><figcaption class=\"wp-element-caption\">Foto: Toni Ricart <br><a href=\"http:\/\/www.toniricart.com\">www.toniricart.com<\/a><\/figcaption><\/figure>\n<\/div>\n\n\n\n<div class=\"wp-block-column is-layout-flow wp-block-column-is-layout-flow\">\n<p>Sigueu benvinguts a la meva web. <\/p>\n\n\n\n<p>Soc pianista repertorista, pianista acompanyant especialitzada en repertori d&#8217;instruments de corda i vent.<\/p>\n\n\n\n<p>Treballo a l&#8217;Institut Escola Art\u00edstic <em>Oriol Martorell<\/em> de Barcelona des del curs 2004-05, i el meu repertori augmenta i s&#8217;enriqueix de l&#8217;experi\u00e8ncia de tocar dia rere dia amb els alumnes a qui acompanyo. Com que majorit\u00e0riament faig els assajos juntament amb els professors, he apr\u00e8s molt secrets de cada instrument. Me&#8217;ls estimo tots. Quan em pregunten quin instrument m&#8217;agrada m\u00e9s, sempre responc: l&#8217;orquestra! Quin luxe poder fer cambra amb tots ells! Quin privilegi que tinc de poder fer d&#8217;orquestra amb el piano! <\/p>\n\n\n\n<p>A l&#8217;IEA <em>Oriol Martorell<\/em> faig molt\u00edssims concerts cada any. M&#8217;agrada sortir a l&#8217;escenari, fer m\u00fasica, i saber que en tot moment de la interpretaci\u00f3, estic ajudant a qui acompanyo.<\/p>\n\n\n\n<p>En aquesta web podeu veure bona part del repertori de corda i vent que he interpretat al llarg de la meva carrera. I s&#8217;anir\u00e0 ampliant! Les ganes d&#8217;aprendre obres noves, sempre hi s\u00f3n.<\/p>\n\n\n\n<p>Des del juny del 2021 soc membre de la junta d&#8217;AESPIRE (Asociaci\u00f3n Espa\u00f1ola de Pianistas Repertoristas). <\/p>\n\n\n\n<p><\/p>\n\n\n\n<figure class=\"wp-block-embed is-type-wp-embed is-provider-aespire wp-block-embed-aespire\"><div class=\"wp-block-embed__wrapper\">\n<blockquote class=\"wp-embedded-content\" data-secret=\"KXvrHX6A1Z\"><a href=\"https:\/\/aespire.wordpress.com\/\">AESPIRE<\/a><\/blockquote><iframe loading=\"lazy\" class=\"wp-embedded-content\" sandbox=\"allow-scripts\" security=\"restricted\" style=\"position: absolute; visibility: hidden;\" title=\"\u00abAESPIRE\u00bb \u2014 AESPIRE\" src=\"https:\/\/aespire.wordpress.com\/embed\/#?secret=LUn9tnYqhV#?secret=KXvrHX6A1Z\" data-secret=\"KXvrHX6A1Z\" width=\"500\" height=\"282\" frameborder=\"0\" marginwidth=\"0\" marginheight=\"0\" scrolling=\"no\"><\/iframe>\n<\/div><\/figure>\n\n\n\n<p>El curs 2022-23 vaig estudiar el M\u00e0ster de Lied Vict\u00f2ria dels \u00c0ngels a l&#8217;ESMUC. Vaig deixar la feina durant uns mesos per ser alumna altra vegada. Gaud\u00ed molt fent Lied amb cantants. Vaig tenir uns professors meravellosos i uns immillorables companys de classe!<\/p>\n\n\n\n<p><\/p>\n\n\n\n<p>Despr\u00e9s vaig tornar a la feina amb energia renovada. Encantada de tocar amb els meus alumnes de vent i de corda de l&#8217;IEA Oriol Martorell.<\/p>\n<\/div>\n<\/div>\n\n\n\n<div style=\"height:50px\" aria-hidden=\"true\" class=\"wp-block-spacer\"><\/div>\n\n\n\n<div class=\"wp-block-columns alignwide are-vertically-aligned-top is-layout-flex wp-container-core-columns-is-layout-9d6595d7 wp-block-columns-is-layout-flex\">\n<div class=\"wp-block-column is-vertically-aligned-top is-layout-flow wp-block-column-is-layout-flow\">\n<h3 class=\"wp-block-heading\"><\/h3>\n\n\n\n<p><\/p>\n<\/div>\n\n\n\n<div class=\"wp-block-column is-vertically-aligned-top is-layout-flow wp-block-column-is-layout-flow\">\n<h3 class=\"wp-block-heading\"><\/h3>\n\n\n\n<p><\/p>\n<\/div>\n\n\n\n<div class=\"wp-block-column is-vertically-aligned-top is-layout-flow wp-block-column-is-layout-flow\">\n<h3 class=\"wp-block-heading\"><\/h3>\n\n\n\n<p><\/p>\n<\/div>\n<\/div>\n\n\n\n<div style=\"height:100px\" aria-hidden=\"true\" class=\"wp-block-spacer\"><\/div>\n\n\n\n<p><\/p>\n","protected":false},"excerpt":{"rendered":"<div class=\"slide-text-bg2\"><span>Sigueu benvinguts a la meva web. Soc pianista repertorista, pianista acompanyant especialitzada en repertori d&#8217;instruments de corda i vent. Treballo <\/span><\/div>\n<div class=\"slide-btn-area-sm\"><a href=\"https:\/\/helenagines.com\/\" class=\"slide-btn-sm\">Llegiu m\u00e9s<\/a><\/div>\n","protected":false},"author":1,"featured_media":0,"parent":0,"menu_order":0,"comment_status":"closed","ping_status":"closed","template":"","meta":{"footnotes":""},"class_list":["post-21","page","type-page","status-publish","hentry"],"yoast_head":"<!-- This site is optimized with the Yoast SEO plugin v24.3 - https:\/\/yoast.com\/wordpress\/plugins\/seo\/ -->\n<title>Inici - Helena Gin\u00e8s i Bataller<\/title>\n<meta name=\"description\" content=\"Pianista acompanyant, repertorista, especialista en repertori de vent i corda, a Barcelona, ex\u00e0mens, proves d&#039;acc\u00e9s.\" \/>\n<meta name=\"robots\" content=\"index, follow, max-snippet:-1, max-image-preview:large, max-video-preview:-1\" \/>\n<link rel=\"canonical\" href=\"https:\/\/helenagines.com\/\" \/>\n<meta property=\"og:locale\" content=\"ca_ES\" \/>\n<meta property=\"og:type\" content=\"article\" \/>\n<meta property=\"og:title\" content=\"Inici - Helena Gin\u00e8s i Bataller\" \/>\n<meta property=\"og:description\" content=\"Pianista acompanyant, repertorista, especialista en repertori de vent i corda, a Barcelona, ex\u00e0mens, proves d&#039;acc\u00e9s.\" \/>\n<meta property=\"og:url\" content=\"https:\/\/helenagines.com\/\" \/>\n<meta property=\"og:site_name\" content=\"Helena Gin\u00e8s i Bataller\" \/>\n<meta property=\"article:modified_time\" content=\"2025-02-06T15:01:03+00:00\" \/>\n<meta property=\"og:image\" content=\"https:\/\/helenagines.com\/wp-content\/uploads\/2021\/12\/2017_06.jpg\" \/>\n\t<meta property=\"og:image:width\" content=\"1920\" \/>\n\t<meta property=\"og:image:height\" content=\"1440\" \/>\n\t<meta property=\"og:image:type\" content=\"image\/jpeg\" \/>\n<meta name=\"twitter:card\" content=\"summary_large_image\" \/>\n<meta name=\"twitter:label1\" content=\"Temps estimat de lectura\" \/>\n\t<meta name=\"twitter:data1\" content=\"2 minuts\" \/>\n<script type=\"application\/ld+json\" class=\"yoast-schema-graph\">{\"@context\":\"https:\/\/schema.org\",\"@graph\":[{\"@type\":\"WebPage\",\"@id\":\"https:\/\/helenagines.com\/\",\"url\":\"https:\/\/helenagines.com\/\",\"name\":\"Inici - Helena Gin\u00e8s i Bataller\",\"isPartOf\":{\"@id\":\"https:\/\/helenagines.com\/#website\"},\"primaryImageOfPage\":{\"@id\":\"https:\/\/helenagines.com\/#primaryimage\"},\"image\":{\"@id\":\"https:\/\/helenagines.com\/#primaryimage\"},\"thumbnailUrl\":\"https:\/\/helenagines.com\/wp-content\/uploads\/2021\/12\/2017_06-1024x768.jpg\",\"datePublished\":\"2021-12-06T14:18:23+00:00\",\"dateModified\":\"2025-02-06T15:01:03+00:00\",\"description\":\"Pianista acompanyant, repertorista, especialista en repertori de vent i corda, a Barcelona, ex\u00e0mens, proves d'acc\u00e9s.\",\"breadcrumb\":{\"@id\":\"https:\/\/helenagines.com\/#breadcrumb\"},\"inLanguage\":\"ca\",\"potentialAction\":[{\"@type\":\"ReadAction\",\"target\":[\"https:\/\/helenagines.com\/\"]}]},{\"@type\":\"ImageObject\",\"inLanguage\":\"ca\",\"@id\":\"https:\/\/helenagines.com\/#primaryimage\",\"url\":\"https:\/\/helenagines.com\/wp-content\/uploads\/2021\/12\/2017_06.jpg\",\"contentUrl\":\"https:\/\/helenagines.com\/wp-content\/uploads\/2021\/12\/2017_06.jpg\",\"width\":1920,\"height\":1440},{\"@type\":\"BreadcrumbList\",\"@id\":\"https:\/\/helenagines.com\/#breadcrumb\",\"itemListElement\":[{\"@type\":\"ListItem\",\"position\":1,\"name\":\"Inici\",\"item\":\"https:\/\/helenagines.com\/\"},{\"@type\":\"ListItem\",\"position\":2,\"name\":\"Inici\"}]},{\"@type\":\"WebSite\",\"@id\":\"https:\/\/helenagines.com\/#website\",\"url\":\"https:\/\/helenagines.com\/\",\"name\":\"Helena Gin\u00e8s i Bataller\",\"description\":\"Pianista repertorista\",\"potentialAction\":[{\"@type\":\"SearchAction\",\"target\":{\"@type\":\"EntryPoint\",\"urlTemplate\":\"https:\/\/helenagines.com\/?s={search_term_string}\"},\"query-input\":{\"@type\":\"PropertyValueSpecification\",\"valueRequired\":true,\"valueName\":\"search_term_string\"}}],\"inLanguage\":\"ca\"}]}<\/script>\n<!-- \/ Yoast SEO plugin. -->","yoast_head_json":{"title":"Inici - Helena Gin\u00e8s i Bataller","description":"Pianista acompanyant, repertorista, especialista en repertori de vent i corda, a Barcelona, ex\u00e0mens, proves d'acc\u00e9s.","robots":{"index":"index","follow":"follow","max-snippet":"max-snippet:-1","max-image-preview":"max-image-preview:large","max-video-preview":"max-video-preview:-1"},"canonical":"https:\/\/helenagines.com\/","og_locale":"ca_ES","og_type":"article","og_title":"Inici - Helena Gin\u00e8s i Bataller","og_description":"Pianista acompanyant, repertorista, especialista en repertori de vent i corda, a Barcelona, ex\u00e0mens, proves d'acc\u00e9s.","og_url":"https:\/\/helenagines.com\/","og_site_name":"Helena Gin\u00e8s i Bataller","article_modified_time":"2025-02-06T15:01:03+00:00","og_image":[{"width":1920,"height":1440,"url":"https:\/\/helenagines.com\/wp-content\/uploads\/2021\/12\/2017_06.jpg","type":"image\/jpeg"}],"twitter_card":"summary_large_image","twitter_misc":{"Temps estimat de lectura":"2 minuts"},"schema":{"@context":"https:\/\/schema.org","@graph":[{"@type":"WebPage","@id":"https:\/\/helenagines.com\/","url":"https:\/\/helenagines.com\/","name":"Inici - Helena Gin\u00e8s i Bataller","isPartOf":{"@id":"https:\/\/helenagines.com\/#website"},"primaryImageOfPage":{"@id":"https:\/\/helenagines.com\/#primaryimage"},"image":{"@id":"https:\/\/helenagines.com\/#primaryimage"},"thumbnailUrl":"https:\/\/helenagines.com\/wp-content\/uploads\/2021\/12\/2017_06-1024x768.jpg","datePublished":"2021-12-06T14:18:23+00:00","dateModified":"2025-02-06T15:01:03+00:00","description":"Pianista acompanyant, repertorista, especialista en repertori de vent i corda, a Barcelona, ex\u00e0mens, proves d'acc\u00e9s.","breadcrumb":{"@id":"https:\/\/helenagines.com\/#breadcrumb"},"inLanguage":"ca","potentialAction":[{"@type":"ReadAction","target":["https:\/\/helenagines.com\/"]}]},{"@type":"ImageObject","inLanguage":"ca","@id":"https:\/\/helenagines.com\/#primaryimage","url":"https:\/\/helenagines.com\/wp-content\/uploads\/2021\/12\/2017_06.jpg","contentUrl":"https:\/\/helenagines.com\/wp-content\/uploads\/2021\/12\/2017_06.jpg","width":1920,"height":1440},{"@type":"BreadcrumbList","@id":"https:\/\/helenagines.com\/#breadcrumb","itemListElement":[{"@type":"ListItem","position":1,"name":"Inici","item":"https:\/\/helenagines.com\/"},{"@type":"ListItem","position":2,"name":"Inici"}]},{"@type":"WebSite","@id":"https:\/\/helenagines.com\/#website","url":"https:\/\/helenagines.com\/","name":"Helena Gin\u00e8s i Bataller","description":"Pianista repertorista","potentialAction":[{"@type":"SearchAction","target":{"@type":"EntryPoint","urlTemplate":"https:\/\/helenagines.com\/?s={search_term_string}"},"query-input":{"@type":"PropertyValueSpecification","valueRequired":true,"valueName":"search_term_string"}}],"inLanguage":"ca"}]}},"_links":{"self":[{"href":"https:\/\/helenagines.com\/index.php\/wp-json\/wp\/v2\/pages\/21","targetHints":{"allow":["GET"]}}],"collection":[{"href":"https:\/\/helenagines.com\/index.php\/wp-json\/wp\/v2\/pages"}],"about":[{"href":"https:\/\/helenagines.com\/index.php\/wp-json\/wp\/v2\/types\/page"}],"author":[{"embeddable":true,"href":"https:\/\/helenagines.com\/index.php\/wp-json\/wp\/v2\/users\/1"}],"replies":[{"embeddable":true,"href":"https:\/\/helenagines.com\/index.php\/wp-json\/wp\/v2\/comments?post=21"}],"version-history":[{"count":56,"href":"https:\/\/helenagines.com\/index.php\/wp-json\/wp\/v2\/pages\/21\/revisions"}],"predecessor-version":[{"id":448,"href":"https:\/\/helenagines.com\/index.php\/wp-json\/wp\/v2\/pages\/21\/revisions\/448"}],"wp:attachment":[{"href":"https:\/\/helenagines.com\/index.php\/wp-json\/wp\/v2\/media?parent=21"}],"curies":[{"name":"wp","href":"https:\/\/api.w.org\/{rel}","templated":true}]}}